{"id":205,"date":"2024-11-05T19:56:42","date_gmt":"2024-11-05T18:56:42","guid":{"rendered":"https:\/\/primus.konzeptdrei.de\/?page_id=205"},"modified":"2025-06-05T20:46:48","modified_gmt":"2025-06-05T18:46:48","slug":"unternehmen","status":"publish","type":"page","link":"https:\/\/primus-muenchen.de\/en\/unternehmen\/","title":{"rendered":"company"},"content":{"rendered":"<div data-elementor-type=\"wp-page\" data-elementor-id=\"205\" class=\"elementor elementor-205\" data-elementor-post-type=\"page\">\n\t\t\t\t\t\t<section class=\"elementor-section elementor-top-section elementor-element elementor-element-50763b10 elementor-section-full_width elementor-section-height-min-height elementor-hidden-tablet elementor-hidden-mobile elementor-section-height-default elementor-section-items-middle\" data-id=\"50763b10\" data-element_type=\"section\" data-e-type=\"section\" data-settings=\"{&quot;background_background&quot;:&quot;video&quot;,&quot;background_play_on_mobile&quot;:&quot;yes&quot;}\">\n\t\t\t\t\t\t<div class=\"elementor-container elementor-column-gap-no\">\n\t\t\t\t\t<div class=\"elementor-column elementor-col-100 elementor-top-column elementor-element elementor-element-79bf5add\" data-id=\"79bf5add\" data-element_type=\"column\" data-e-type=\"column\">\n\t\t\t<div class=\"elementor-widget-wrap elementor-element-populated\">\n\t\t\t\t\t\t<div class=\"elementor-element elementor-element-57d7afb elementor-widget elementor-widget-image\" data-id=\"57d7afb\" data-element_type=\"widget\" data-e-type=\"widget\" data-widget_type=\"image.default\">\n\t\t\t\t<div class=\"elementor-widget-container\">\n\t\t\t\t\t\t\t\t\t\t\t\t\t\t\t<img fetchpriority=\"high\" decoding=\"async\" width=\"2560\" height=\"720\" src=\"https:\/\/primus-muenchen.de\/wp-content\/uploads\/2025\/06\/PRIMUS-TRADING_Headerbild_Unternehmen-1.png\" class=\"attachment-full size-full wp-image-2057\" alt=\"PRIMUS TRADING GmbH\" srcset=\"https:\/\/primus-muenchen.de\/wp-content\/uploads\/2025\/06\/PRIMUS-TRADING_Headerbild_Unternehmen-1.png 2560w, https:\/\/primus-muenchen.de\/wp-content\/uploads\/2025\/06\/PRIMUS-TRADING_Headerbild_Unternehmen-1-300x84.png 300w, https:\/\/primus-muenchen.de\/wp-content\/uploads\/2025\/06\/PRIMUS-TRADING_Headerbild_Unternehmen-1-1024x288.png 1024w, https:\/\/primus-muenchen.de\/wp-content\/uploads\/2025\/06\/PRIMUS-TRADING_Headerbild_Unternehmen-1-768x216.png 768w, https:\/\/primus-muenchen.de\/wp-content\/uploads\/2025\/06\/PRIMUS-TRADING_Headerbild_Unternehmen-1-1536x432.png 1536w, https:\/\/primus-muenchen.de\/wp-content\/uploads\/2025\/06\/PRIMUS-TRADING_Headerbild_Unternehmen-1-2048x576.png 2048w, https:\/\/primus-muenchen.de\/wp-content\/uploads\/2025\/06\/PRIMUS-TRADING_Headerbild_Unternehmen-1-18x5.png 18w\" sizes=\"(max-width: 2560px) 100vw, 2560px\" \/>\t\t\t\t\t\t\t\t\t\t\t\t\t\t\t<\/div>\n\t\t\t\t<\/div>\n\t\t\t\t\t<\/div>\n\t\t<\/div>\n\t\t\t\t\t<\/div>\n\t\t<\/section>\n\t\t\t\t<section class=\"elementor-section elementor-top-section elementor-element elementor-element-309a696 elementor-section-full_width elementor-section-height-min-height elementor-hidden-desktop elementor-section-height-default elementor-section-items-middle\" data-id=\"309a696\" data-element_type=\"section\" data-e-type=\"section\" data-settings=\"{&quot;background_background&quot;:&quot;video&quot;,&quot;background_play_on_mobile&quot;:&quot;yes&quot;}\">\n\t\t\t\t\t\t<div class=\"elementor-container elementor-column-gap-no\">\n\t\t\t\t\t<div class=\"elementor-column elementor-col-100 elementor-top-column elementor-element elementor-element-81f563f\" data-id=\"81f563f\" data-element_type=\"column\" data-e-type=\"column\">\n\t\t\t<div class=\"elementor-widget-wrap elementor-element-populated\">\n\t\t\t\t\t\t<div class=\"elementor-element elementor-element-3ce174f elementor-widget elementor-widget-image\" data-id=\"3ce174f\" data-element_type=\"widget\" data-e-type=\"widget\" data-widget_type=\"image.default\">\n\t\t\t\t<div class=\"elementor-widget-container\">\n\t\t\t\t\t\t\t\t\t\t\t\t\t\t\t<img decoding=\"async\" width=\"2560\" height=\"1440\" src=\"https:\/\/primus-muenchen.de\/wp-content\/uploads\/2025\/06\/PRIMUS-TRADING_Headerbild_Unternehmen-mobile.png\" class=\"attachment-full size-full wp-image-2081\" alt=\"PRIMUS TRADING GmbH\" srcset=\"https:\/\/primus-muenchen.de\/wp-content\/uploads\/2025\/06\/PRIMUS-TRADING_Headerbild_Unternehmen-mobile.png 2560w, https:\/\/primus-muenchen.de\/wp-content\/uploads\/2025\/06\/PRIMUS-TRADING_Headerbild_Unternehmen-mobile-300x169.png 300w, https:\/\/primus-muenchen.de\/wp-content\/uploads\/2025\/06\/PRIMUS-TRADING_Headerbild_Unternehmen-mobile-1024x576.png 1024w, https:\/\/primus-muenchen.de\/wp-content\/uploads\/2025\/06\/PRIMUS-TRADING_Headerbild_Unternehmen-mobile-768x432.png 768w, https:\/\/primus-muenchen.de\/wp-content\/uploads\/2025\/06\/PRIMUS-TRADING_Headerbild_Unternehmen-mobile-1536x864.png 1536w, https:\/\/primus-muenchen.de\/wp-content\/uploads\/2025\/06\/PRIMUS-TRADING_Headerbild_Unternehmen-mobile-2048x1152.png 2048w, https:\/\/primus-muenchen.de\/wp-content\/uploads\/2025\/06\/PRIMUS-TRADING_Headerbild_Unternehmen-mobile-18x10.png 18w\" sizes=\"(max-width: 2560px) 100vw, 2560px\" \/>\t\t\t\t\t\t\t\t\t\t\t\t\t\t\t<\/div>\n\t\t\t\t<\/div>\n\t\t\t\t\t<\/div>\n\t\t<\/div>\n\t\t\t\t\t<\/div>\n\t\t<\/section>\n\t\t\t\t<section class=\"elementor-section elementor-top-section elementor-element elementor-element-758156a elementor-section-boxed elementor-section-height-default elementor-section-height-default\" data-id=\"758156a\" data-element_type=\"section\" data-e-type=\"section\">\n\t\t\t\t\t\t<div class=\"elementor-container elementor-column-gap-default\">\n\t\t\t\t\t<div class=\"elementor-column elementor-col-100 elementor-top-column elementor-element elementor-element-88d1c35\" data-id=\"88d1c35\" data-element_type=\"column\" data-e-type=\"column\">\n\t\t\t<div class=\"elementor-widget-wrap elementor-element-populated\">\n\t\t\t\t\t\t<div class=\"elementor-element elementor-element-a6a95c5 elementor-widget elementor-widget-heading\" data-id=\"a6a95c5\" data-element_type=\"widget\" data-e-type=\"widget\" data-widget_type=\"heading.default\">\n\t\t\t\t<div class=\"elementor-widget-container\">\n\t\t\t\t\t<h1 class=\"elementor-heading-title elementor-size-default\">about us<\/h1>\t\t\t\t<\/div>\n\t\t\t\t<\/div>\n\t\t\t\t<div class=\"elementor-element elementor-element-3c525f0 elementor-widget elementor-widget-text-editor\" data-id=\"3c525f0\" data-element_type=\"widget\" data-e-type=\"widget\" data-widget_type=\"text-editor.default\">\n\t\t\t\t<div class=\"elementor-widget-container\">\n\t\t\t\t\t\t\t\t\t<p class=\"p1 translation-block\">PRIMUS TRADING GmbH from Hamburg is your reliable partner for <a href=\"https:\/\/primus-muenchen.de\/en\/drucker-und-kopierpapier\/\" target=\"_self\"><strong>printer and copy paper<\/strong><\/a>, <strong><a href=\"https:\/\/primus-muenchen.de\/en\/buerobedarf\/\" target=\"_self\">office supplies<\/a><\/strong> and <strong><a href=\"https:\/\/primus-muenchen.de\/en\/hygiene\/\" target=\"_self\">hygiene products<\/a><\/strong>. For over 7 years, the company has stood for quality, competence and individual trading solutions. Our range includes a wide selection of products that are tailored to the needs of modern companies. Sustainability plays a central role here: we rely on environmentally friendly materials and resource-saving processes. With reliable service, fast delivery times and personal advice, we are the ideal partner for companies that value quality and sustainability.<\/p>\t\t\t\t\t\t\t\t<\/div>\n\t\t\t\t<\/div>\n\t\t\t\t<div class=\"elementor-element elementor-element-06edaac elementor-view-default elementor-widget elementor-widget-icon\" data-id=\"06edaac\" data-element_type=\"widget\" data-e-type=\"widget\" data-widget_type=\"icon.default\">\n\t\t\t\t<div class=\"elementor-widget-container\">\n\t\t\t\t\t\t\t<div class=\"elementor-icon-wrapper\">\n\t\t\t<div class=\"elementor-icon\">\n\t\t\t<i aria-hidden=\"true\" class=\"fas fa-angle-down\"><\/i>\t\t\t<\/div>\n\t\t<\/div>\n\t\t\t\t\t\t<\/div>\n\t\t\t\t<\/div>\n\t\t\t\t\t<\/div>\n\t\t<\/div>\n\t\t\t\t\t<\/div>\n\t\t<\/section>\n\t\t\t\t<section class=\"elementor-section elementor-top-section elementor-element elementor-element-8ae55da elementor-section-boxed elementor-section-height-default elementor-section-height-default\" data-id=\"8ae55da\" data-element_type=\"section\" data-e-type=\"section\" data-settings=\"{&quot;background_background&quot;:&quot;classic&quot;}\">\n\t\t\t\t\t\t<div class=\"elementor-container elementor-column-gap-default\">\n\t\t\t\t\t<div class=\"elementor-column elementor-col-100 elementor-top-column elementor-element elementor-element-22ff0c5\" data-id=\"22ff0c5\" data-element_type=\"column\" data-e-type=\"column\">\n\t\t\t<div class=\"elementor-widget-wrap elementor-element-populated\">\n\t\t\t\t\t\t<div class=\"elementor-element elementor-element-094f974 elementor-widget elementor-widget-heading\" data-id=\"094f974\" data-element_type=\"widget\" data-e-type=\"widget\" data-widget_type=\"heading.default\">\n\t\t\t\t<div class=\"elementor-widget-container\">\n\t\t\t\t\t<h1 class=\"elementor-heading-title elementor-size-default\">our values<\/h1>\t\t\t\t<\/div>\n\t\t\t\t<\/div>\n\t\t\t\t<div class=\"elementor-element elementor-element-2b3cc80 elementor-widget elementor-widget-text-editor\" data-id=\"2b3cc80\" data-element_type=\"widget\" data-e-type=\"widget\" data-widget_type=\"text-editor.default\">\n\t\t\t\t<div class=\"elementor-widget-container\">\n\t\t\t\t\t\t\t\t\t<p class=\"translation-block\">Since our foundation in 2018, we have been setting standards in quality, reliability and individual solutions in the areas of <b>printer and copy paper<\/b>, <b>office supplies<\/b> and <b>hygiene products<\/b>. Our mission is to offer our customers functional, sustainable and reliable products. In 2023, we relocated to Hamburg to drive our growth and further optimize our services. Our goal remains clear: to offer you high-quality products and excellent service - now and in the future.<\/p>\t\t\t\t\t\t\t\t<\/div>\n\t\t\t\t<\/div>\n\t\t\t\t<section class=\"elementor-section elementor-inner-section elementor-element elementor-element-bf03df3 elementor-section-boxed elementor-section-height-default elementor-section-height-default\" data-id=\"bf03df3\" data-element_type=\"section\" data-e-type=\"section\">\n\t\t\t\t\t\t<div class=\"elementor-container elementor-column-gap-default\">\n\t\t\t\t\t<div class=\"elementor-column elementor-col-25 elementor-inner-column elementor-element elementor-element-56fff38 animated-slow elementor-invisible\" data-id=\"56fff38\" data-element_type=\"column\" data-e-type=\"column\" data-settings=\"{&quot;animation&quot;:&quot;zoomIn&quot;,&quot;animation_delay&quot;:0.5}\">\n\t\t\t<div class=\"elementor-widget-wrap elementor-element-populated\">\n\t\t\t\t\t\t<div class=\"elementor-element elementor-element-87be8cd elementor-view-default elementor-widget elementor-widget-icon\" data-id=\"87be8cd\" data-element_type=\"widget\" data-e-type=\"widget\" data-widget_type=\"icon.default\">\n\t\t\t\t<div class=\"elementor-widget-container\">\n\t\t\t\t\t\t\t<div class=\"elementor-icon-wrapper\">\n\t\t\t<div class=\"elementor-icon\">\n\t\t\t<i aria-hidden=\"true\" class=\"fas fa-award\"><\/i>\t\t\t<\/div>\n\t\t<\/div>\n\t\t\t\t\t\t<\/div>\n\t\t\t\t<\/div>\n\t\t\t\t<div class=\"elementor-element elementor-element-ff9e0a5 elementor-widget elementor-widget-heading\" data-id=\"ff9e0a5\" data-element_type=\"widget\" data-e-type=\"widget\" data-widget_type=\"heading.default\">\n\t\t\t\t<div class=\"elementor-widget-container\">\n\t\t\t\t\t<h4 class=\"elementor-heading-title elementor-size-default\">quality<\/h4>\t\t\t\t<\/div>\n\t\t\t\t<\/div>\n\t\t\t\t\t<\/div>\n\t\t<\/div>\n\t\t\t\t<div class=\"elementor-column elementor-col-25 elementor-inner-column elementor-element elementor-element-dc47594 animated-slow elementor-invisible\" data-id=\"dc47594\" data-element_type=\"column\" data-e-type=\"column\" data-settings=\"{&quot;animation&quot;:&quot;zoomIn&quot;,&quot;animation_delay&quot;:0.5}\">\n\t\t\t<div class=\"elementor-widget-wrap elementor-element-populated\">\n\t\t\t\t\t\t<div class=\"elementor-element elementor-element-39d4a43 elementor-view-default elementor-widget elementor-widget-icon\" data-id=\"39d4a43\" data-element_type=\"widget\" data-e-type=\"widget\" data-widget_type=\"icon.default\">\n\t\t\t\t<div class=\"elementor-widget-container\">\n\t\t\t\t\t\t\t<div class=\"elementor-icon-wrapper\">\n\t\t\t<div class=\"elementor-icon\">\n\t\t\t<i aria-hidden=\"true\" class=\"fas fa-award\"><\/i>\t\t\t<\/div>\n\t\t<\/div>\n\t\t\t\t\t\t<\/div>\n\t\t\t\t<\/div>\n\t\t\t\t<div class=\"elementor-element elementor-element-99f4b0f elementor-widget elementor-widget-heading\" data-id=\"99f4b0f\" data-element_type=\"widget\" data-e-type=\"widget\" data-widget_type=\"heading.default\">\n\t\t\t\t<div class=\"elementor-widget-container\">\n\t\t\t\t\t<h4 class=\"elementor-heading-title elementor-size-default\">sustainability<\/h4>\t\t\t\t<\/div>\n\t\t\t\t<\/div>\n\t\t\t\t\t<\/div>\n\t\t<\/div>\n\t\t\t\t<div class=\"elementor-column elementor-col-25 elementor-inner-column elementor-element elementor-element-5f0cb5f animated-slow elementor-invisible\" data-id=\"5f0cb5f\" data-element_type=\"column\" data-e-type=\"column\" data-settings=\"{&quot;animation&quot;:&quot;zoomIn&quot;,&quot;animation_delay&quot;:0.5}\">\n\t\t\t<div class=\"elementor-widget-wrap elementor-element-populated\">\n\t\t\t\t\t\t<div class=\"elementor-element elementor-element-20e325c elementor-view-default elementor-widget elementor-widget-icon\" data-id=\"20e325c\" data-element_type=\"widget\" data-e-type=\"widget\" data-widget_type=\"icon.default\">\n\t\t\t\t<div class=\"elementor-widget-container\">\n\t\t\t\t\t\t\t<div class=\"elementor-icon-wrapper\">\n\t\t\t<div class=\"elementor-icon\">\n\t\t\t<i aria-hidden=\"true\" class=\"fas fa-award\"><\/i>\t\t\t<\/div>\n\t\t<\/div>\n\t\t\t\t\t\t<\/div>\n\t\t\t\t<\/div>\n\t\t\t\t<div class=\"elementor-element elementor-element-27248ab elementor-widget elementor-widget-heading\" data-id=\"27248ab\" data-element_type=\"widget\" data-e-type=\"widget\" data-widget_type=\"heading.default\">\n\t\t\t\t<div class=\"elementor-widget-container\">\n\t\t\t\t\t<h4 class=\"elementor-heading-title elementor-size-default\">flexibility<\/h4>\t\t\t\t<\/div>\n\t\t\t\t<\/div>\n\t\t\t\t\t<\/div>\n\t\t<\/div>\n\t\t\t\t<div class=\"elementor-column elementor-col-25 elementor-inner-column elementor-element elementor-element-7e563ef animated-slow elementor-invisible\" data-id=\"7e563ef\" data-element_type=\"column\" data-e-type=\"column\" data-settings=\"{&quot;animation&quot;:&quot;zoomIn&quot;,&quot;animation_delay&quot;:0.5}\">\n\t\t\t<div class=\"elementor-widget-wrap elementor-element-populated\">\n\t\t\t\t\t\t<div class=\"elementor-element elementor-element-c5a1d13 elementor-view-default elementor-widget elementor-widget-icon\" data-id=\"c5a1d13\" data-element_type=\"widget\" data-e-type=\"widget\" data-widget_type=\"icon.default\">\n\t\t\t\t<div class=\"elementor-widget-container\">\n\t\t\t\t\t\t\t<div class=\"elementor-icon-wrapper\">\n\t\t\t<div class=\"elementor-icon\">\n\t\t\t<i aria-hidden=\"true\" class=\"fas fa-award\"><\/i>\t\t\t<\/div>\n\t\t<\/div>\n\t\t\t\t\t\t<\/div>\n\t\t\t\t<\/div>\n\t\t\t\t<div class=\"elementor-element elementor-element-7244939 elementor-widget elementor-widget-heading\" data-id=\"7244939\" data-element_type=\"widget\" data-e-type=\"widget\" data-widget_type=\"heading.default\">\n\t\t\t\t<div class=\"elementor-widget-container\">\n\t\t\t\t\t<h4 class=\"elementor-heading-title elementor-size-default\">service<\/h4>\t\t\t\t<\/div>\n\t\t\t\t<\/div>\n\t\t\t\t\t<\/div>\n\t\t<\/div>\n\t\t\t\t\t<\/div>\n\t\t<\/section>\n\t\t\t\t\t<\/div>\n\t\t<\/div>\n\t\t\t\t\t<\/div>\n\t\t<\/section>\n\t\t\t\t<section class=\"elementor-section elementor-top-section elementor-element elementor-element-43c2731 elementor-section-boxed elementor-section-height-default elementor-section-height-default\" data-id=\"43c2731\" data-element_type=\"section\" data-e-type=\"section\">\n\t\t\t\t\t\t<div class=\"elementor-container elementor-column-gap-default\">\n\t\t\t\t\t<div class=\"elementor-column elementor-col-100 elementor-top-column elementor-element elementor-element-c922be5\" data-id=\"c922be5\" data-element_type=\"column\" data-e-type=\"column\">\n\t\t\t<div class=\"elementor-widget-wrap elementor-element-populated\">\n\t\t\t\t\t\t<div class=\"elementor-element elementor-element-f705a2b elementor-widget elementor-widget-heading\" data-id=\"f705a2b\" data-element_type=\"widget\" data-e-type=\"widget\" data-widget_type=\"heading.default\">\n\t\t\t\t<div class=\"elementor-widget-container\">\n\t\t\t\t\t<h1 class=\"elementor-heading-title elementor-size-default\">our strengths that set us apart<\/h1>\t\t\t\t<\/div>\n\t\t\t\t<\/div>\n\t\t\t\t<div class=\"elementor-element elementor-element-be0df30 elementor-widget elementor-widget-text-editor\" data-id=\"be0df30\" data-element_type=\"widget\" data-e-type=\"widget\" data-widget_type=\"text-editor.default\">\n\t\t\t\t<div class=\"elementor-widget-container\">\n\t\t\t\t\t\t\t\t\t<p class=\"p1 translation-block\"><b>quality<\/b> is our top priority. We take great care to ensure that our products and services meet the highest standards. Every detail is carefully considered to provide you with an exceptional experience. Our commitment to quality is reflected in durable products and customized solutions that exceed your expectations.<\/p><p class=\"p1 translation-block\"><b>sustainability<\/b> is an integral part of our corporate philosophy. We rely on environmentally friendly materials, resource-conserving processes and a responsible supply chain. With our commitment to sustainability, we are helping to make the world a better place - for current and future generations.<\/p><p class=\"p1 translation-block\"><b>flexibility<\/b> is the key to responding to your individual needs. Whether tailor-made products, flexible delivery times or special customer requests - we respond quickly and efficiently to your requirements. Our solutions are as versatile as your challenges.<\/p><p class=\"p1 translation-block\"><b>service<\/b> is very important to us. Our experienced team is at your side with help and advice - from the initial consultation through to after-sales support. We listen to you, understand your needs and work together to find solutions that inspire you. Customer orientation is our strength.<\/p><p class=\"p1\">we combine quality, sustainability, flexibility and excellent service into a complete package that leaves nothing to be desired. See for yourself - we look forward to seeing you!<\/p>\t\t\t\t\t\t\t\t<\/div>\n\t\t\t\t<\/div>\n\t\t\t\t\t<\/div>\n\t\t<\/div>\n\t\t\t\t\t<\/div>\n\t\t<\/section>\n\t\t\t\t<section class=\"elementor-section elementor-top-section elementor-element elementor-element-47b2954 elementor-section-boxed elementor-section-height-default elementor-section-height-default\" data-id=\"47b2954\" data-element_type=\"section\" data-e-type=\"section\" data-settings=\"{&quot;background_background&quot;:&quot;classic&quot;}\">\n\t\t\t\t\t\t<div class=\"elementor-container elementor-column-gap-default\">\n\t\t\t\t\t<div class=\"elementor-column elementor-col-100 elementor-top-column elementor-element elementor-element-059043e\" data-id=\"059043e\" data-element_type=\"column\" data-e-type=\"column\">\n\t\t\t<div class=\"elementor-widget-wrap elementor-element-populated\">\n\t\t\t\t\t\t<section class=\"elementor-section elementor-inner-section elementor-element elementor-element-ccf8230 elementor-section-boxed elementor-section-height-default elementor-section-height-default\" data-id=\"ccf8230\" data-element_type=\"section\" data-e-type=\"section\">\n\t\t\t\t\t\t<div class=\"elementor-container elementor-column-gap-default\">\n\t\t\t\t\t<div class=\"elementor-column elementor-col-50 elementor-inner-column elementor-element elementor-element-0726421\" data-id=\"0726421\" data-element_type=\"column\" data-e-type=\"column\">\n\t\t\t<div class=\"elementor-widget-wrap elementor-element-populated\">\n\t\t\t\t\t\t<div class=\"elementor-element elementor-element-7283446 elementor-widget elementor-widget-heading\" data-id=\"7283446\" data-element_type=\"widget\" data-e-type=\"widget\" data-widget_type=\"heading.default\">\n\t\t\t\t<div class=\"elementor-widget-container\">\n\t\t\t\t\t<h1 class=\"elementor-heading-title elementor-size-default\">your contact to us<\/h1>\t\t\t\t<\/div>\n\t\t\t\t<\/div>\n\t\t\t\t<div class=\"elementor-element elementor-element-87a37de elementor-widget elementor-widget-text-editor\" data-id=\"87a37de\" data-element_type=\"widget\" data-e-type=\"widget\" data-widget_type=\"text-editor.default\">\n\t\t\t\t<div class=\"elementor-widget-container\">\n\t\t\t\t\t\t\t\t\t<p>would you like to find out more about us? Do you have questions about our products or need support? We will be happy to assist you - get in touch with us - we look forward to hearing from you!<\/p>\t\t\t\t\t\t\t\t<\/div>\n\t\t\t\t<\/div>\n\t\t\t\t\t<\/div>\n\t\t<\/div>\n\t\t\t\t<div class=\"elementor-column elementor-col-50 elementor-inner-column elementor-element elementor-element-9afeee6\" data-id=\"9afeee6\" data-element_type=\"column\" data-e-type=\"column\">\n\t\t\t<div class=\"elementor-widget-wrap elementor-element-populated\">\n\t\t\t\t\t\t<div class=\"elementor-element elementor-element-b890548 elementor-widget elementor-widget-spacer\" data-id=\"b890548\" data-element_type=\"widget\" data-e-type=\"widget\" data-widget_type=\"spacer.default\">\n\t\t\t\t<div class=\"elementor-widget-container\">\n\t\t\t\t\t\t\t<div class=\"elementor-spacer\">\n\t\t\t<div class=\"elementor-spacer-inner\"><\/div>\n\t\t<\/div>\n\t\t\t\t\t\t<\/div>\n\t\t\t\t<\/div>\n\t\t\t\t<div class=\"elementor-element elementor-element-fa08ead elementor-align-right elementor-mobile-align-center elementor-widget elementor-widget-button\" data-id=\"fa08ead\" data-element_type=\"widget\" data-e-type=\"widget\" data-widget_type=\"button.default\">\n\t\t\t\t<div class=\"elementor-widget-container\">\n\t\t\t\t\t\t\t\t\t<div class=\"elementor-button-wrapper\">\n\t\t\t\t\t<a class=\"elementor-button elementor-button-link elementor-size-sm\" href=\"https:\/\/primus-muenchen.de\/en\/kontakt\/\">\n\t\t\t\t\t\t<span class=\"elementor-button-content-wrapper\">\n\t\t\t\t\t\t\t\t\t<span class=\"elementor-button-text\">contact<\/span>\n\t\t\t\t\t<\/span>\n\t\t\t\t\t<\/a>\n\t\t\t\t<\/div>\n\t\t\t\t\t\t\t\t<\/div>\n\t\t\t\t<\/div>\n\t\t\t\t\t<\/div>\n\t\t<\/div>\n\t\t\t\t\t<\/div>\n\t\t<\/section>\n\t\t\t\t\t<\/div>\n\t\t<\/div>\n\t\t\t\t\t<\/div>\n\t\t<\/section>\n\t\t\t\t<\/div>","protected":false},"excerpt":{"rendered":"<p>\u00dcber uns Die PRIMUS TRADING GmbH aus Hamburg ist Ihr verl\u00e4sslicher Partner f\u00fcr Drucker- und Kopierpapier, B\u00fcrobedarf und Hygieneprodukte. Seit \u00fcber 7 Jahren steht das Unternehmen f\u00fcr Qualit\u00e4t, Kompetenz und individuelle Handelsl\u00f6sungen. Unser Sortiment umfasst eine breite Auswahl an Produkten, die auf die Bed\u00fcrfnisse moderner Unternehmen abgestimmt sind. Nachhaltigkeit spielt dabei eine zentrale Rolle: Wir [&hellip;]<\/p>\n","protected":false},"author":1,"featured_media":2081,"parent":0,"menu_order":0,"comment_status":"closed","ping_status":"closed","template":"","meta":{"inline_featured_image":false,"footnotes":""},"class_list":["post-205","page","type-page","status-publish","has-post-thumbnail","hentry"],"_links":{"self":[{"href":"https:\/\/primus-muenchen.de\/en\/wp-json\/wp\/v2\/pages\/205","targetHints":{"allow":["GET"]}}],"collection":[{"href":"https:\/\/primus-muenchen.de\/en\/wp-json\/wp\/v2\/pages"}],"about":[{"href":"https:\/\/primus-muenchen.de\/en\/wp-json\/wp\/v2\/types\/page"}],"author":[{"embeddable":true,"href":"https:\/\/primus-muenchen.de\/en\/wp-json\/wp\/v2\/users\/1"}],"replies":[{"embeddable":true,"href":"https:\/\/primus-muenchen.de\/en\/wp-json\/wp\/v2\/comments?post=205"}],"version-history":[{"count":26,"href":"https:\/\/primus-muenchen.de\/en\/wp-json\/wp\/v2\/pages\/205\/revisions"}],"predecessor-version":[{"id":2238,"href":"https:\/\/primus-muenchen.de\/en\/wp-json\/wp\/v2\/pages\/205\/revisions\/2238"}],"wp:featuredmedia":[{"embeddable":true,"href":"https:\/\/primus-muenchen.de\/en\/wp-json\/wp\/v2\/media\/2081"}],"wp:attachment":[{"href":"https:\/\/primus-muenchen.de\/en\/wp-json\/wp\/v2\/media?parent=205"}],"curies":[{"name":"wp","href":"https:\/\/api.w.org\/{rel}","templated":true}]}}