{"id":1778,"date":"2025-05-14T17:29:35","date_gmt":"2025-05-14T15:29:35","guid":{"rendered":"https:\/\/primus.konzeptdrei.de\/?page_id=1778"},"modified":"2025-06-05T20:58:30","modified_gmt":"2025-06-05T18:58:30","slug":"arbeitsschutzausstattung","status":"publish","type":"page","link":"https:\/\/primus-muenchen.de\/en\/arbeitsschutzausstattung\/","title":{"rendered":"Arbeitsschutzausstattung"},"content":{"rendered":"<div data-elementor-type=\"wp-page\" data-elementor-id=\"1778\" class=\"elementor elementor-1778\" data-elementor-post-type=\"page\">\n\t\t\t\t\t\t<section class=\"elementor-section elementor-top-section elementor-element elementor-element-a25c3ec elementor-section-full_width elementor-section-height-min-height elementor-hidden-tablet elementor-hidden-mobile elementor-section-height-default elementor-section-items-middle\" data-id=\"a25c3ec\" data-element_type=\"section\" data-e-type=\"section\" data-settings=\"{&quot;background_background&quot;:&quot;video&quot;,&quot;background_play_on_mobile&quot;:&quot;yes&quot;}\">\n\t\t\t\t\t\t<div class=\"elementor-container elementor-column-gap-no\">\n\t\t\t\t\t<div class=\"elementor-column elementor-col-100 elementor-top-column elementor-element elementor-element-5069382\" data-id=\"5069382\" data-element_type=\"column\" data-e-type=\"column\">\n\t\t\t<div class=\"elementor-widget-wrap elementor-element-populated\">\n\t\t\t\t\t\t<div class=\"elementor-element elementor-element-9c3d72d elementor-widget elementor-widget-image\" data-id=\"9c3d72d\" data-element_type=\"widget\" data-e-type=\"widget\" data-widget_type=\"image.default\">\n\t\t\t\t<div class=\"elementor-widget-container\">\n\t\t\t\t\t\t\t\t\t\t\t\t\t\t\t<img fetchpriority=\"high\" decoding=\"async\" width=\"2560\" height=\"720\" src=\"https:\/\/primus-muenchen.de\/wp-content\/uploads\/2025\/06\/PRIMUS-TRADING_Headerbild_Produkte-1.png\" class=\"attachment-full size-full wp-image-2056\" alt=\"PRIMUS TRADING GmbH\" srcset=\"https:\/\/primus-muenchen.de\/wp-content\/uploads\/2025\/06\/PRIMUS-TRADING_Headerbild_Produkte-1.png 2560w, https:\/\/primus-muenchen.de\/wp-content\/uploads\/2025\/06\/PRIMUS-TRADING_Headerbild_Produkte-1-300x84.png 300w, https:\/\/primus-muenchen.de\/wp-content\/uploads\/2025\/06\/PRIMUS-TRADING_Headerbild_Produkte-1-1024x288.png 1024w, https:\/\/primus-muenchen.de\/wp-content\/uploads\/2025\/06\/PRIMUS-TRADING_Headerbild_Produkte-1-768x216.png 768w, https:\/\/primus-muenchen.de\/wp-content\/uploads\/2025\/06\/PRIMUS-TRADING_Headerbild_Produkte-1-1536x432.png 1536w, https:\/\/primus-muenchen.de\/wp-content\/uploads\/2025\/06\/PRIMUS-TRADING_Headerbild_Produkte-1-2048x576.png 2048w, https:\/\/primus-muenchen.de\/wp-content\/uploads\/2025\/06\/PRIMUS-TRADING_Headerbild_Produkte-1-18x5.png 18w\" sizes=\"(max-width: 2560px) 100vw, 2560px\" \/>\t\t\t\t\t\t\t\t\t\t\t\t\t\t\t<\/div>\n\t\t\t\t<\/div>\n\t\t\t\t\t<\/div>\n\t\t<\/div>\n\t\t\t\t\t<\/div>\n\t\t<\/section>\n\t\t\t\t<section class=\"elementor-section elementor-top-section elementor-element elementor-element-d0e585a elementor-section-full_width elementor-section-height-min-height elementor-hidden-desktop elementor-section-height-default elementor-section-items-middle\" data-id=\"d0e585a\" data-element_type=\"section\" data-e-type=\"section\" data-settings=\"{&quot;background_background&quot;:&quot;video&quot;,&quot;background_play_on_mobile&quot;:&quot;yes&quot;}\">\n\t\t\t\t\t\t<div class=\"elementor-container elementor-column-gap-no\">\n\t\t\t\t\t<div class=\"elementor-column elementor-col-100 elementor-top-column elementor-element elementor-element-fd39b36\" data-id=\"fd39b36\" data-element_type=\"column\" data-e-type=\"column\">\n\t\t\t<div class=\"elementor-widget-wrap elementor-element-populated\">\n\t\t\t\t\t\t<div class=\"elementor-element elementor-element-999c7df elementor-widget elementor-widget-image\" data-id=\"999c7df\" data-element_type=\"widget\" data-e-type=\"widget\" data-widget_type=\"image.default\">\n\t\t\t\t<div class=\"elementor-widget-container\">\n\t\t\t\t\t\t\t\t\t\t\t\t\t\t\t<img decoding=\"async\" width=\"2560\" height=\"1440\" src=\"https:\/\/primus-muenchen.de\/wp-content\/uploads\/2025\/06\/PRIMUS-TRADING_Headerbild_Produkte-mobile.png\" class=\"attachment-full size-full wp-image-2080\" alt=\"PRIMUS TRADING GmbH\" srcset=\"https:\/\/primus-muenchen.de\/wp-content\/uploads\/2025\/06\/PRIMUS-TRADING_Headerbild_Produkte-mobile.png 2560w, https:\/\/primus-muenchen.de\/wp-content\/uploads\/2025\/06\/PRIMUS-TRADING_Headerbild_Produkte-mobile-300x169.png 300w, https:\/\/primus-muenchen.de\/wp-content\/uploads\/2025\/06\/PRIMUS-TRADING_Headerbild_Produkte-mobile-1024x576.png 1024w, https:\/\/primus-muenchen.de\/wp-content\/uploads\/2025\/06\/PRIMUS-TRADING_Headerbild_Produkte-mobile-768x432.png 768w, https:\/\/primus-muenchen.de\/wp-content\/uploads\/2025\/06\/PRIMUS-TRADING_Headerbild_Produkte-mobile-1536x864.png 1536w, https:\/\/primus-muenchen.de\/wp-content\/uploads\/2025\/06\/PRIMUS-TRADING_Headerbild_Produkte-mobile-2048x1152.png 2048w, https:\/\/primus-muenchen.de\/wp-content\/uploads\/2025\/06\/PRIMUS-TRADING_Headerbild_Produkte-mobile-18x10.png 18w\" sizes=\"(max-width: 2560px) 100vw, 2560px\" \/>\t\t\t\t\t\t\t\t\t\t\t\t\t\t\t<\/div>\n\t\t\t\t<\/div>\n\t\t\t\t\t<\/div>\n\t\t<\/div>\n\t\t\t\t\t<\/div>\n\t\t<\/section>\n\t\t\t\t<section class=\"elementor-section elementor-top-section elementor-element elementor-element-758156a elementor-section-boxed elementor-section-height-default elementor-section-height-default\" data-id=\"758156a\" data-element_type=\"section\" data-e-type=\"section\">\n\t\t\t\t\t\t<div class=\"elementor-container elementor-column-gap-default\">\n\t\t\t\t\t<div class=\"elementor-column elementor-col-100 elementor-top-column elementor-element elementor-element-88d1c35\" data-id=\"88d1c35\" data-element_type=\"column\" data-e-type=\"column\">\n\t\t\t<div class=\"elementor-widget-wrap elementor-element-populated\">\n\t\t\t\t\t\t<div class=\"elementor-element elementor-element-a6a95c5 elementor-widget elementor-widget-heading\" data-id=\"a6a95c5\" data-element_type=\"widget\" data-e-type=\"widget\" data-widget_type=\"heading.default\">\n\t\t\t\t<div class=\"elementor-widget-container\">\n\t\t\t\t\t<h1 class=\"elementor-heading-title elementor-size-default\">occupational safety<\/h1>\t\t\t\t<\/div>\n\t\t\t\t<\/div>\n\t\t\t\t<div class=\"elementor-element elementor-element-3c525f0 elementor-widget elementor-widget-text-editor\" data-id=\"3c525f0\" data-element_type=\"widget\" data-e-type=\"widget\" data-widget_type=\"text-editor.default\">\n\t\t\t\t<div class=\"elementor-widget-container\">\n\t\t\t\t\t\t\t\t\t<p class=\"p1 translation-block\">As the exclusive sales partner of Med Consulting in Germany, PRIMUS TRADING GmbH offers its customers access to high-quality products and innovative solutions. Our focus is always on quality and customer satisfaction. Together with Med Consulting, we set new standards and strengthen the German market with reliable and future-oriented products. For further information on our product range or the partnership with Med Consulting, please do not hesitate to contact us.<\/p><p class=\"translation-block\"><a href=\"https:\/\/www.medconsulting.it\/\" target=\"_blank\" rel=\"noopener\"><strong>VAM <\/strong><\/a> is Med Consulting's leading brand, designed to respond with high specialization to the growing protection and safety needs in the world of work. VAM began with a special selection of disposable gloves. Over time, the range has gradually expanded to include reusable gloves, work gloves, leather clothing and disposable clothing. Thanks to this development, we can now offer individual solutions with a clear, focused and high-quality catalog that ensures maximum protection in various areas.<\/p>\t\t\t\t\t\t\t\t<\/div>\n\t\t\t\t<\/div>\n\t\t\t\t<div class=\"elementor-element elementor-element-09ba730 elementor-view-default elementor-widget elementor-widget-icon\" data-id=\"09ba730\" data-element_type=\"widget\" data-e-type=\"widget\" data-widget_type=\"icon.default\">\n\t\t\t\t<div class=\"elementor-widget-container\">\n\t\t\t\t\t\t\t<div class=\"elementor-icon-wrapper\">\n\t\t\t<div class=\"elementor-icon\">\n\t\t\t<i aria-hidden=\"true\" class=\"fas fa-angle-down\"><\/i>\t\t\t<\/div>\n\t\t<\/div>\n\t\t\t\t\t\t<\/div>\n\t\t\t\t<\/div>\n\t\t\t\t\t<\/div>\n\t\t<\/div>\n\t\t\t\t\t<\/div>\n\t\t<\/section>\n\t\t\t\t<section class=\"elementor-section elementor-top-section elementor-element elementor-element-ecb1c0c elementor-section-boxed elementor-section-height-default elementor-section-height-default\" data-id=\"ecb1c0c\" data-element_type=\"section\" data-e-type=\"section\">\n\t\t\t\t\t\t<div class=\"elementor-container elementor-column-gap-default\">\n\t\t\t\t\t<div class=\"elementor-column elementor-col-100 elementor-top-column elementor-element elementor-element-d8f46b1\" data-id=\"d8f46b1\" data-element_type=\"column\" data-e-type=\"column\">\n\t\t\t<div class=\"elementor-widget-wrap elementor-element-populated\">\n\t\t\t\t\t\t<section class=\"elementor-section elementor-inner-section elementor-element elementor-element-81815f6 elementor-section-boxed elementor-section-height-default elementor-section-height-default\" data-id=\"81815f6\" data-element_type=\"section\" data-e-type=\"section\">\n\t\t\t\t\t\t<div class=\"elementor-container elementor-column-gap-default\">\n\t\t\t\t\t<div class=\"elementor-column elementor-col-33 elementor-inner-column elementor-element elementor-element-ea2adf6 animated-slow elementor-invisible\" data-id=\"ea2adf6\" data-element_type=\"column\" data-e-type=\"column\" data-settings=\"{&quot;animation&quot;:&quot;fadeInUp&quot;}\">\n\t\t\t<div class=\"elementor-widget-wrap elementor-element-populated\">\n\t\t\t\t\t\t<div class=\"elementor-element elementor-element-c4a4eee elementor-widget elementor-widget-image\" data-id=\"c4a4eee\" data-element_type=\"widget\" data-e-type=\"widget\" data-widget_type=\"image.default\">\n\t\t\t\t<div class=\"elementor-widget-container\">\n\t\t\t\t\t\t\t\t\t\t\t\t\t\t\t\t<a href=\"https:\/\/primus-muenchen.de\/wp-content\/uploads\/2025\/05\/VAM-catalogo-2025-PRIMUS-TRADING-web_compressed.pdf\" target=\"_blank\">\n\t\t\t\t\t\t\t<img decoding=\"async\" width=\"800\" height=\"518\" src=\"https:\/\/primus-muenchen.de\/wp-content\/uploads\/2025\/05\/VAM.png\" class=\"attachment-large size-large wp-image-1823\" alt=\"VAM Logo\" srcset=\"https:\/\/primus-muenchen.de\/wp-content\/uploads\/2025\/05\/VAM.png 1004w, https:\/\/primus-muenchen.de\/wp-content\/uploads\/2025\/05\/VAM-300x194.png 300w, https:\/\/primus-muenchen.de\/wp-content\/uploads\/2025\/05\/VAM-768x497.png 768w, https:\/\/primus-muenchen.de\/wp-content\/uploads\/2025\/05\/VAM-18x12.png 18w\" sizes=\"(max-width: 800px) 100vw, 800px\" \/>\t\t\t\t\t\t\t\t<\/a>\n\t\t\t\t\t\t\t\t\t\t\t\t\t\t\t<\/div>\n\t\t\t\t<\/div>\n\t\t\t\t<div class=\"elementor-element elementor-element-15c7229 elementor-widget elementor-widget-heading\" data-id=\"15c7229\" data-element_type=\"widget\" data-e-type=\"widget\" data-widget_type=\"heading.default\">\n\t\t\t\t<div class=\"elementor-widget-container\">\n\t\t\t\t\t<h4 class=\"elementor-heading-title elementor-size-default\">occupational safety<\/h4>\t\t\t\t<\/div>\n\t\t\t\t<\/div>\n\t\t\t\t<div class=\"elementor-element elementor-element-8176824 elementor-widget elementor-widget-text-editor\" data-id=\"8176824\" data-element_type=\"widget\" data-e-type=\"widget\" data-widget_type=\"text-editor.default\">\n\t\t\t\t<div class=\"elementor-widget-container\">\n\t\t\t\t\t\t\t\t\t<p>health and safety equipment from VAM<\/p>\t\t\t\t\t\t\t\t<\/div>\n\t\t\t\t<\/div>\n\t\t\t\t<div class=\"elementor-element elementor-element-5cf4b39 elementor-widget elementor-widget-text-editor\" data-id=\"5cf4b39\" data-element_type=\"widget\" data-e-type=\"widget\" data-widget_type=\"text-editor.default\">\n\t\t\t\t<div class=\"elementor-widget-container\">\n\t\t\t\t\t\t\t\t\t<p class=\"p1 translation-block\">convincing safety - high-quality <b>equipment<\/b>: reliable, sustainable and ideal for daily use in the working environment.<\/p>\t\t\t\t\t\t\t\t<\/div>\n\t\t\t\t<\/div>\n\t\t\t\t<div class=\"elementor-element elementor-element-c0d6de3 elementor-align-center elementor-widget elementor-widget-button\" data-id=\"c0d6de3\" data-element_type=\"widget\" data-e-type=\"widget\" data-widget_type=\"button.default\">\n\t\t\t\t<div class=\"elementor-widget-container\">\n\t\t\t\t\t\t\t\t\t<div class=\"elementor-button-wrapper\">\n\t\t\t\t\t<a class=\"elementor-button elementor-button-link elementor-size-sm\" href=\"https:\/\/primus-muenchen.de\/wp-content\/uploads\/2025\/05\/VAM-catalogo-2025-PRIMUS-TRADING-web_compressed.pdf\" target=\"_blank\">\n\t\t\t\t\t\t<span class=\"elementor-button-content-wrapper\">\n\t\t\t\t\t\t\t\t\t<span class=\"elementor-button-text\">product catalog<\/span>\n\t\t\t\t\t<\/span>\n\t\t\t\t\t<\/a>\n\t\t\t\t<\/div>\n\t\t\t\t\t\t\t\t<\/div>\n\t\t\t\t<\/div>\n\t\t\t\t<div class=\"elementor-element elementor-element-deec428 elementor-align-center elementor-widget elementor-widget-button\" data-id=\"deec428\" data-element_type=\"widget\" data-e-type=\"widget\" data-widget_type=\"button.default\">\n\t\t\t\t<div class=\"elementor-widget-container\">\n\t\t\t\t\t\t\t\t\t<div class=\"elementor-button-wrapper\">\n\t\t\t\t\t<a class=\"elementor-button elementor-button-link elementor-size-sm\" href=\"https:\/\/primus-muenchen.de\/en\/angebot-anfragen\/\">\n\t\t\t\t\t\t<span class=\"elementor-button-content-wrapper\">\n\t\t\t\t\t\t\t\t\t<span class=\"elementor-button-text\">request a quote<\/span>\n\t\t\t\t\t<\/span>\n\t\t\t\t\t<\/a>\n\t\t\t\t<\/div>\n\t\t\t\t\t\t\t\t<\/div>\n\t\t\t\t<\/div>\n\t\t\t\t\t<\/div>\n\t\t<\/div>\n\t\t\t\t<div class=\"elementor-column elementor-col-33 elementor-inner-column elementor-element elementor-element-587c5e8 animated-slow elementor-invisible\" data-id=\"587c5e8\" data-element_type=\"column\" data-e-type=\"column\" data-settings=\"{&quot;animation&quot;:&quot;fadeInDown&quot;}\">\n\t\t\t<div class=\"elementor-widget-wrap\">\n\t\t\t\t\t\t\t<\/div>\n\t\t<\/div>\n\t\t\t\t<div class=\"elementor-column elementor-col-33 elementor-inner-column elementor-element elementor-element-9481c57 animated-slow elementor-invisible\" data-id=\"9481c57\" data-element_type=\"column\" data-e-type=\"column\" data-settings=\"{&quot;animation&quot;:&quot;fadeInUp&quot;}\">\n\t\t\t<div class=\"elementor-widget-wrap\">\n\t\t\t\t\t\t\t<\/div>\n\t\t<\/div>\n\t\t\t\t\t<\/div>\n\t\t<\/section>\n\t\t\t\t\t<\/div>\n\t\t<\/div>\n\t\t\t\t\t<\/div>\n\t\t<\/section>\n\t\t\t\t<section class=\"elementor-section elementor-top-section elementor-element elementor-element-578bedc elementor-section-boxed elementor-section-height-default elementor-section-height-default\" data-id=\"578bedc\" data-element_type=\"section\" data-e-type=\"section\" data-settings=\"{&quot;background_background&quot;:&quot;classic&quot;}\">\n\t\t\t\t\t\t<div class=\"elementor-container elementor-column-gap-default\">\n\t\t\t\t\t<div class=\"elementor-column elementor-col-100 elementor-top-column elementor-element elementor-element-650a27f\" data-id=\"650a27f\" data-element_type=\"column\" data-e-type=\"column\">\n\t\t\t<div class=\"elementor-widget-wrap elementor-element-populated\">\n\t\t\t\t\t\t<section class=\"elementor-section elementor-inner-section elementor-element elementor-element-1dadf25 elementor-section-boxed elementor-section-height-default elementor-section-height-default\" data-id=\"1dadf25\" data-element_type=\"section\" data-e-type=\"section\">\n\t\t\t\t\t\t<div class=\"elementor-container elementor-column-gap-default\">\n\t\t\t\t\t<div class=\"elementor-column elementor-col-50 elementor-inner-column elementor-element elementor-element-e387993\" data-id=\"e387993\" data-element_type=\"column\" data-e-type=\"column\">\n\t\t\t<div class=\"elementor-widget-wrap elementor-element-populated\">\n\t\t\t\t\t\t<div class=\"elementor-element elementor-element-0dab27e elementor-widget elementor-widget-heading\" data-id=\"0dab27e\" data-element_type=\"widget\" data-e-type=\"widget\" data-widget_type=\"heading.default\">\n\t\t\t\t<div class=\"elementor-widget-container\">\n\t\t\t\t\t<h1 class=\"elementor-heading-title elementor-size-default\">free offer<\/h1>\t\t\t\t<\/div>\n\t\t\t\t<\/div>\n\t\t\t\t<div class=\"elementor-element elementor-element-4ca09f4 elementor-widget elementor-widget-text-editor\" data-id=\"4ca09f4\" data-element_type=\"widget\" data-e-type=\"widget\" data-widget_type=\"text-editor.default\">\n\t\t\t\t<div class=\"elementor-widget-container\">\n\t\t\t\t\t\t\t\t\t<p>would you like a free, no-obligation quote for occupational safety equipment? Do you have questions about our products or need support? Get in touch with us - we look forward to hearing from you!<\/p>\t\t\t\t\t\t\t\t<\/div>\n\t\t\t\t<\/div>\n\t\t\t\t\t<\/div>\n\t\t<\/div>\n\t\t\t\t<div class=\"elementor-column elementor-col-50 elementor-inner-column elementor-element elementor-element-a12923c\" data-id=\"a12923c\" data-element_type=\"column\" data-e-type=\"column\">\n\t\t\t<div class=\"elementor-widget-wrap elementor-element-populated\">\n\t\t\t\t\t\t<div class=\"elementor-element elementor-element-61d7d91 elementor-widget elementor-widget-spacer\" data-id=\"61d7d91\" data-element_type=\"widget\" data-e-type=\"widget\" data-widget_type=\"spacer.default\">\n\t\t\t\t<div class=\"elementor-widget-container\">\n\t\t\t\t\t\t\t<div class=\"elementor-spacer\">\n\t\t\t<div class=\"elementor-spacer-inner\"><\/div>\n\t\t<\/div>\n\t\t\t\t\t\t<\/div>\n\t\t\t\t<\/div>\n\t\t\t\t<div class=\"elementor-element elementor-element-b45026e elementor-align-right elementor-mobile-align-center elementor-widget elementor-widget-button\" data-id=\"b45026e\" data-element_type=\"widget\" data-e-type=\"widget\" data-widget_type=\"button.default\">\n\t\t\t\t<div class=\"elementor-widget-container\">\n\t\t\t\t\t\t\t\t\t<div class=\"elementor-button-wrapper\">\n\t\t\t\t\t<a class=\"elementor-button elementor-button-link elementor-size-sm\" href=\"https:\/\/primus-muenchen.de\/en\/angebot-anfragen\/\">\n\t\t\t\t\t\t<span class=\"elementor-button-content-wrapper\">\n\t\t\t\t\t\t\t\t\t<span class=\"elementor-button-text\">inquiries now<\/span>\n\t\t\t\t\t<\/span>\n\t\t\t\t\t<\/a>\n\t\t\t\t<\/div>\n\t\t\t\t\t\t\t\t<\/div>\n\t\t\t\t<\/div>\n\t\t\t\t\t<\/div>\n\t\t<\/div>\n\t\t\t\t\t<\/div>\n\t\t<\/section>\n\t\t\t\t\t<\/div>\n\t\t<\/div>\n\t\t\t\t\t<\/div>\n\t\t<\/section>\n\t\t\t\t<\/div>","protected":false},"excerpt":{"rendered":"<p>Arbeitsschutz Als exklusiver Vertriebspartner von Med Consulting in Deutschland bietet die PRIMUS TRADING GmbH ihren Kunden Zugang zu hochwertigen Produkten und innovativen L\u00f6sungen. Unser Anspruch an Qualit\u00e4t und Kundenzufriedenheit steht dabei stets im Mittelpunkt. Gemeinsam mit Med Consulting setzen wir neue Ma\u00dfst\u00e4be und st\u00e4rken den deutschen Markt mit zuverl\u00e4ssigen und zukunftsorientierten Produkten. F\u00fcr weitere Informationen [&hellip;]<\/p>\n","protected":false},"author":1,"featured_media":2080,"parent":0,"menu_order":0,"comment_status":"closed","ping_status":"closed","template":"","meta":{"inline_featured_image":false,"footnotes":""},"class_list":["post-1778","page","type-page","status-publish","has-post-thumbnail","hentry"],"_links":{"self":[{"href":"https:\/\/primus-muenchen.de\/en\/wp-json\/wp\/v2\/pages\/1778","targetHints":{"allow":["GET"]}}],"collection":[{"href":"https:\/\/primus-muenchen.de\/en\/wp-json\/wp\/v2\/pages"}],"about":[{"href":"https:\/\/primus-muenchen.de\/en\/wp-json\/wp\/v2\/types\/page"}],"author":[{"embeddable":true,"href":"https:\/\/primus-muenchen.de\/en\/wp-json\/wp\/v2\/users\/1"}],"replies":[{"embeddable":true,"href":"https:\/\/primus-muenchen.de\/en\/wp-json\/wp\/v2\/comments?post=1778"}],"version-history":[{"count":17,"href":"https:\/\/primus-muenchen.de\/en\/wp-json\/wp\/v2\/pages\/1778\/revisions"}],"predecessor-version":[{"id":2265,"href":"https:\/\/primus-muenchen.de\/en\/wp-json\/wp\/v2\/pages\/1778\/revisions\/2265"}],"wp:featuredmedia":[{"embeddable":true,"href":"https:\/\/primus-muenchen.de\/en\/wp-json\/wp\/v2\/media\/2080"}],"wp:attachment":[{"href":"https:\/\/primus-muenchen.de\/en\/wp-json\/wp\/v2\/media?parent=1778"}],"curies":[{"name":"wp","href":"https:\/\/api.w.org\/{rel}","templated":true}]}}